{"id":927,"date":"2025-09-02T22:02:27","date_gmt":"2025-09-02T20:02:27","guid":{"rendered":"https:\/\/lokpool.ch\/mentions-legales\/"},"modified":"2026-01-02T16:14:43","modified_gmt":"2026-01-02T15:14:43","slug":"mentions-legales","status":"publish","type":"page","link":"https:\/\/lokpool.ch\/fr\/mentions-legales\/","title":{"rendered":"Mentions l\u00e9gales"},"content":{"rendered":"\r\n<div class=\"wp-block-spacer\" style=\"height: 100px;\" aria-hidden=\"true\">\u00a0<\/div>\r\n\r\n<div id=\"Impressum\" class=\"wp-block-group has-global-padding is-layout-constrained wp-block-group-is-layout-constrained\">&#13;\n<p class=\"wp-block-paragraph\"><strong>LokPool AG<\/strong><br\/>Metzgerstrasse 5<br\/>8500 Frauenfeld<br\/>Suisse<\/p>&#13;\n\r\n\r\n&#13;\n<p class=\"wp-block-paragraph\">Num\u00e9ro du registre du commerce : <strong>CH-440.3.037.793-4<\/strong><br\/>Num\u00e9ro TVA : <strong>CHE-478.227.046<\/strong><br\/>Forme juridique : Soci\u00e9t\u00e9 anonyme<\/p>&#13;\n\r\n\r\n&#13;\n<p class=\"wp-block-paragraph\"><strong>Contact<\/strong><br\/>T\u00e9l\u00e9phone : +41 76 721 36 72<br\/>E-mail : <a>dispo@lokpool.ch<\/a><br\/>Web : <a href=\"http:\/\/www.lokpool.ch\">www.lokpool.ch<\/a><\/p>&#13;\n\r\n\r\n&#13;\n<p class=\"wp-block-paragraph\"><strong>Droit de repr\u00e9sentation \/ Organes<\/strong><br\/>Personnes autoris\u00e9es \u00e0 repr\u00e9senter conform\u00e9ment au registre du commerce.<br\/>Organe de r\u00e9vision : Controlla AG, Frauenfeld.<\/p>&#13;\n\r\n\r\n&#13;\n<p class=\"wp-block-paragraph\"><strong>Exclusion de responsabilit\u00e9<\/strong><br\/>Le contenu de ce site web a \u00e9t\u00e9 cr\u00e9\u00e9 avec le plus grand soin. Nous d\u00e9clinons toute responsabilit\u00e9 quant \u00e0 l&rsquo;exactitude, l&rsquo;exhaustivit\u00e9 et l&rsquo;actualit\u00e9 des informations. Les exploitants des sites externes sont seuls responsables du contenu des liens externes.  <\/p>&#13;\n\r\n\r\n&#13;\n<p class=\"wp-block-paragraph\"><strong>Droits d&rsquo;auteur<\/strong><br\/>Tous les textes, images, graphiques et marques pr\u00e9sents sur ce site web sont prot\u00e9g\u00e9s par le droit d&rsquo;auteur. Toute utilisation en dehors des limites l\u00e9gales n\u00e9cessite l&rsquo;accord \u00e9crit pr\u00e9alable de LokPool AG. <\/p>&#13;\n\r\n\r\n&#13;\n<p class=\"wp-block-paragraph\"><strong>Juridiction \/ Droit applicable<\/strong><br\/>Seul le droit suisse est applicable. Le for juridique est Frauenfeld, dans la mesure o\u00f9 la loi le permet. <\/p>&#13;\n\r\n\r\n&#13;\n<p class=\"wp-block-paragraph\"><em>\u00c9tat : 2 septembre 2025<\/em><\/p>&#13;\n<\/div>\r\n\r\n<div class=\"wp-block-spacer\" style=\"height: 100px;\" aria-hidden=\"true\">\u00a0<\/div>\r\n","protected":false},"excerpt":{"rendered":"<p>&#13; LokPool AGMetzgerstrasse 58500 FrauenfeldSuisse &#13; &#13; Num\u00e9ro du registre du commerce : CH-440.3.037.793-4Num\u00e9ro TVA : CHE-478.227.046Forme juridique : Soci\u00e9t\u00e9 anonyme &#13; &#13; ContactT\u00e9l\u00e9phone : +41 76 721 36 72E-mail : <a href=\"mailto:dispo@lokpool.chWeb\">dispo@lokpool.chWeb<\/a> : <a href=\"http:\/\/www.lokpool.ch\" rel=\"nofollow\">http:\/\/www.lokpool.ch<\/a> &#13; &#13; Droit de repr\u00e9sentation \/ OrganesPersonnes autoris\u00e9es \u00e0 repr\u00e9senter conform\u00e9ment au registre du commerce.Organe de r\u00e9vision : Controlla AG, Frauenfeld. &hellip; <\/p>\n<p class=\"link-more\"><a href=\"https:\/\/lokpool.ch\/fr\/mentions-legales\/\" class=\"more-link\">Lire la suite de<span class=\"screen-reader-text\">\u00ab\u00a0Mentions l\u00e9gales\u00a0\u00bb<\/span><\/a><\/p>\n","protected":false},"author":267327763,"featured_media":928,"parent":0,"menu_order":0,"comment_status":"closed","ping_status":"closed","template":"","meta":{"_crdt_document":"","_uag_custom_page_level_css":"","inspiro_hide_title":false,"footnotes":""},"class_list":["post-927","page","type-page","status-publish","has-post-thumbnail","hentry"],"uagb_featured_image_src":{"full":["https:\/\/i0.wp.com\/lokpool.ch\/wp-content\/uploads\/2025\/09\/Am841-Marti.jpeg?fit=2048%2C1153&ssl=1",2048,1153,false],"thumbnail":["https:\/\/i0.wp.com\/lokpool.ch\/wp-content\/uploads\/2025\/09\/Am841-Marti.jpeg?resize=150%2C150&ssl=1",150,150,true],"medium":["https:\/\/i0.wp.com\/lokpool.ch\/wp-content\/uploads\/2025\/09\/Am841-Marti.jpeg?fit=300%2C169&ssl=1",300,169,true],"medium_large":["https:\/\/i0.wp.com\/lokpool.ch\/wp-content\/uploads\/2025\/09\/Am841-Marti.jpeg?fit=768%2C432&ssl=1",768,432,true],"large":["https:\/\/i0.wp.com\/lokpool.ch\/wp-content\/uploads\/2025\/09\/Am841-Marti.jpeg?fit=950%2C535&ssl=1",950,535,true],"1536x1536":["https:\/\/i0.wp.com\/lokpool.ch\/wp-content\/uploads\/2025\/09\/Am841-Marti.jpeg?fit=1536%2C865&ssl=1",1536,865,true],"2048x2048":["https:\/\/i0.wp.com\/lokpool.ch\/wp-content\/uploads\/2025\/09\/Am841-Marti.jpeg?fit=2048%2C1153&ssl=1",2048,1153,true],"newspack-article-block-landscape-large":["https:\/\/i0.wp.com\/lokpool.ch\/wp-content\/uploads\/2025\/09\/Am841-Marti.jpeg?resize=1200%2C900&ssl=1",1200,900,true],"newspack-article-block-portrait-large":["https:\/\/i0.wp.com\/lokpool.ch\/wp-content\/uploads\/2025\/09\/Am841-Marti.jpeg?resize=900%2C1153&ssl=1",900,1153,true],"newspack-article-block-square-large":["https:\/\/i0.wp.com\/lokpool.ch\/wp-content\/uploads\/2025\/09\/Am841-Marti.jpeg?resize=1200%2C1153&ssl=1",1200,1153,true],"newspack-article-block-landscape-medium":["https:\/\/i0.wp.com\/lokpool.ch\/wp-content\/uploads\/2025\/09\/Am841-Marti.jpeg?resize=800%2C600&ssl=1",800,600,true],"newspack-article-block-portrait-medium":["https:\/\/i0.wp.com\/lokpool.ch\/wp-content\/uploads\/2025\/09\/Am841-Marti.jpeg?resize=600%2C800&ssl=1",600,800,true],"newspack-article-block-square-medium":["https:\/\/i0.wp.com\/lokpool.ch\/wp-content\/uploads\/2025\/09\/Am841-Marti.jpeg?resize=800%2C800&ssl=1",800,800,true],"newspack-article-block-landscape-intermediate":["https:\/\/i0.wp.com\/lokpool.ch\/wp-content\/uploads\/2025\/09\/Am841-Marti.jpeg?resize=600%2C450&ssl=1",600,450,true],"newspack-article-block-portrait-intermediate":["https:\/\/i0.wp.com\/lokpool.ch\/wp-content\/uploads\/2025\/09\/Am841-Marti.jpeg?resize=450%2C600&ssl=1",450,600,true],"newspack-article-block-square-intermediate":["https:\/\/i0.wp.com\/lokpool.ch\/wp-content\/uploads\/2025\/09\/Am841-Marti.jpeg?resize=600%2C600&ssl=1",600,600,true],"newspack-article-block-landscape-small":["https:\/\/i0.wp.com\/lokpool.ch\/wp-content\/uploads\/2025\/09\/Am841-Marti.jpeg?resize=400%2C300&ssl=1",400,300,true],"newspack-article-block-portrait-small":["https:\/\/i0.wp.com\/lokpool.ch\/wp-content\/uploads\/2025\/09\/Am841-Marti.jpeg?resize=300%2C400&ssl=1",300,400,true],"newspack-article-block-square-small":["https:\/\/i0.wp.com\/lokpool.ch\/wp-content\/uploads\/2025\/09\/Am841-Marti.jpeg?resize=400%2C400&ssl=1",400,400,true],"newspack-article-block-landscape-tiny":["https:\/\/i0.wp.com\/lokpool.ch\/wp-content\/uploads\/2025\/09\/Am841-Marti.jpeg?resize=200%2C150&ssl=1",200,150,true],"newspack-article-block-portrait-tiny":["https:\/\/i0.wp.com\/lokpool.ch\/wp-content\/uploads\/2025\/09\/Am841-Marti.jpeg?resize=150%2C200&ssl=1",150,200,true],"newspack-article-block-square-tiny":["https:\/\/i0.wp.com\/lokpool.ch\/wp-content\/uploads\/2025\/09\/Am841-Marti.jpeg?resize=200%2C200&ssl=1",200,200,true],"newspack-article-block-uncropped":["https:\/\/i0.wp.com\/lokpool.ch\/wp-content\/uploads\/2025\/09\/Am841-Marti.jpeg?fit=1200%2C676&ssl=1",1200,676,true],"inspiro-featured-image":["https:\/\/i0.wp.com\/lokpool.ch\/wp-content\/uploads\/2025\/09\/Am841-Marti.jpeg?fit=2000%2C1126&ssl=1",2000,1126,true],"inspiro-loop":["https:\/\/i0.wp.com\/lokpool.ch\/wp-content\/uploads\/2025\/09\/Am841-Marti.jpeg?resize=950%2C320&ssl=1",950,320,true],"inspiro-loop@2x":["https:\/\/i0.wp.com\/lokpool.ch\/wp-content\/uploads\/2025\/09\/Am841-Marti.jpeg?resize=1900%2C640&ssl=1",1900,640,true],"portfolio_item-thumbnail":["https:\/\/i0.wp.com\/lokpool.ch\/wp-content\/uploads\/2025\/09\/Am841-Marti.jpeg?resize=600%2C400&ssl=1",600,400,true],"portfolio_item-thumbnail@2x":["https:\/\/i0.wp.com\/lokpool.ch\/wp-content\/uploads\/2025\/09\/Am841-Marti.jpeg?resize=1200%2C800&ssl=1",1200,800,true],"portfolio_item-masonry":["https:\/\/i0.wp.com\/lokpool.ch\/wp-content\/uploads\/2025\/09\/Am841-Marti.jpeg?fit=600%2C338&ssl=1",600,338,true],"portfolio_item-masonry@2x":["https:\/\/i0.wp.com\/lokpool.ch\/wp-content\/uploads\/2025\/09\/Am841-Marti.jpeg?fit=1200%2C676&ssl=1",1200,676,true],"portfolio_item-thumbnail_cinema":["https:\/\/i0.wp.com\/lokpool.ch\/wp-content\/uploads\/2025\/09\/Am841-Marti.jpeg?resize=800%2C335&ssl=1",800,335,true],"portfolio_item-thumbnail_portrait":["https:\/\/i0.wp.com\/lokpool.ch\/wp-content\/uploads\/2025\/09\/Am841-Marti.jpeg?resize=600%2C900&ssl=1",600,900,true],"portfolio_item-thumbnail_portrait@2x":["https:\/\/i0.wp.com\/lokpool.ch\/wp-content\/uploads\/2025\/09\/Am841-Marti.jpeg?resize=1200%2C1153&ssl=1",1200,1153,true],"portfolio_item-thumbnail_square":["https:\/\/i0.wp.com\/lokpool.ch\/wp-content\/uploads\/2025\/09\/Am841-Marti.jpeg?resize=800%2C800&ssl=1",800,800,true]},"uagb_author_info":{"display_name":"anneandrealooser","author_link":"https:\/\/lokpool.ch\/fr\/author\/anneandreal\/"},"uagb_comment_info":0,"uagb_excerpt":"&#13; LokPool AGMetzgerstrasse 58500 FrauenfeldSuisse &#13; &#13; Num\u00e9ro du registre du commerce : CH-440.3.037.793-4Num\u00e9ro TVA : CHE-478.227.046Forme juridique : Soci\u00e9t\u00e9 anonyme &#13; &#13; ContactT\u00e9l\u00e9phone : +41 76 721 36 72E-mail : dispo@lokpool.chWeb : www.lokpool.ch &#13; &#13; Droit de repr\u00e9sentation \/ OrganesPersonnes autoris\u00e9es \u00e0 repr\u00e9senter conform\u00e9ment au registre du commerce.Organe de r\u00e9vision : Controlla AG, Frauenfeld.\u2026","jetpack_likes_enabled":true,"jetpack_sharing_enabled":true,"jetpack_shortlink":"https:\/\/wp.me\/PgBA7t-eX","jetpack-related-posts":[],"featured_media_urls":{"thumbnail":["https:\/\/i0.wp.com\/lokpool.ch\/wp-content\/uploads\/2025\/09\/Am841-Marti.jpeg?resize=150%2C150&ssl=1",150,150,true],"medium":["https:\/\/i0.wp.com\/lokpool.ch\/wp-content\/uploads\/2025\/09\/Am841-Marti.jpeg?fit=300%2C169&ssl=1",300,169,true],"medium_large":["https:\/\/i0.wp.com\/lokpool.ch\/wp-content\/uploads\/2025\/09\/Am841-Marti.jpeg?fit=768%2C432&ssl=1",768,432,true],"large":["https:\/\/i0.wp.com\/lokpool.ch\/wp-content\/uploads\/2025\/09\/Am841-Marti.jpeg?fit=950%2C535&ssl=1",950,535,true],"1536x1536":["https:\/\/i0.wp.com\/lokpool.ch\/wp-content\/uploads\/2025\/09\/Am841-Marti.jpeg?fit=1536%2C865&ssl=1",1536,865,true],"2048x2048":["https:\/\/i0.wp.com\/lokpool.ch\/wp-content\/uploads\/2025\/09\/Am841-Marti.jpeg?fit=2048%2C1153&ssl=1",2048,1153,true],"newspack-article-block-landscape-large":["https:\/\/i0.wp.com\/lokpool.ch\/wp-content\/uploads\/2025\/09\/Am841-Marti.jpeg?resize=1200%2C900&ssl=1",1200,900,true],"newspack-article-block-portrait-large":["https:\/\/i0.wp.com\/lokpool.ch\/wp-content\/uploads\/2025\/09\/Am841-Marti.jpeg?resize=900%2C1153&ssl=1",900,1153,true],"newspack-article-block-square-large":["https:\/\/i0.wp.com\/lokpool.ch\/wp-content\/uploads\/2025\/09\/Am841-Marti.jpeg?resize=1200%2C1153&ssl=1",1200,1153,true],"newspack-article-block-landscape-medium":["https:\/\/i0.wp.com\/lokpool.ch\/wp-content\/uploads\/2025\/09\/Am841-Marti.jpeg?resize=800%2C600&ssl=1",800,600,true],"newspack-article-block-portrait-medium":["https:\/\/i0.wp.com\/lokpool.ch\/wp-content\/uploads\/2025\/09\/Am841-Marti.jpeg?resize=600%2C800&ssl=1",600,800,true],"newspack-article-block-square-medium":["https:\/\/i0.wp.com\/lokpool.ch\/wp-content\/uploads\/2025\/09\/Am841-Marti.jpeg?resize=800%2C800&ssl=1",800,800,true],"newspack-article-block-landscape-intermediate":["https:\/\/i0.wp.com\/lokpool.ch\/wp-content\/uploads\/2025\/09\/Am841-Marti.jpeg?resize=600%2C450&ssl=1",600,450,true],"newspack-article-block-portrait-intermediate":["https:\/\/i0.wp.com\/lokpool.ch\/wp-content\/uploads\/2025\/09\/Am841-Marti.jpeg?resize=450%2C600&ssl=1",450,600,true],"newspack-article-block-square-intermediate":["https:\/\/i0.wp.com\/lokpool.ch\/wp-content\/uploads\/2025\/09\/Am841-Marti.jpeg?resize=600%2C600&ssl=1",600,600,true],"newspack-article-block-landscape-small":["https:\/\/i0.wp.com\/lokpool.ch\/wp-content\/uploads\/2025\/09\/Am841-Marti.jpeg?resize=400%2C300&ssl=1",400,300,true],"newspack-article-block-portrait-small":["https:\/\/i0.wp.com\/lokpool.ch\/wp-content\/uploads\/2025\/09\/Am841-Marti.jpeg?resize=300%2C400&ssl=1",300,400,true],"newspack-article-block-square-small":["https:\/\/i0.wp.com\/lokpool.ch\/wp-content\/uploads\/2025\/09\/Am841-Marti.jpeg?resize=400%2C400&ssl=1",400,400,true],"newspack-article-block-landscape-tiny":["https:\/\/i0.wp.com\/lokpool.ch\/wp-content\/uploads\/2025\/09\/Am841-Marti.jpeg?resize=200%2C150&ssl=1",200,150,true],"newspack-article-block-portrait-tiny":["https:\/\/i0.wp.com\/lokpool.ch\/wp-content\/uploads\/2025\/09\/Am841-Marti.jpeg?resize=150%2C200&ssl=1",150,200,true],"newspack-article-block-square-tiny":["https:\/\/i0.wp.com\/lokpool.ch\/wp-content\/uploads\/2025\/09\/Am841-Marti.jpeg?resize=200%2C200&ssl=1",200,200,true],"newspack-article-block-uncropped":["https:\/\/i0.wp.com\/lokpool.ch\/wp-content\/uploads\/2025\/09\/Am841-Marti.jpeg?fit=1200%2C676&ssl=1",1200,676,true],"inspiro-featured-image":["https:\/\/i0.wp.com\/lokpool.ch\/wp-content\/uploads\/2025\/09\/Am841-Marti.jpeg?fit=2000%2C1126&ssl=1",2000,1126,true],"inspiro-loop":["https:\/\/i0.wp.com\/lokpool.ch\/wp-content\/uploads\/2025\/09\/Am841-Marti.jpeg?resize=950%2C320&ssl=1",950,320,true],"inspiro-loop@2x":["https:\/\/i0.wp.com\/lokpool.ch\/wp-content\/uploads\/2025\/09\/Am841-Marti.jpeg?resize=1900%2C640&ssl=1",1900,640,true],"portfolio_item-thumbnail":["https:\/\/i0.wp.com\/lokpool.ch\/wp-content\/uploads\/2025\/09\/Am841-Marti.jpeg?resize=600%2C400&ssl=1",600,400,true],"portfolio_item-thumbnail@2x":["https:\/\/i0.wp.com\/lokpool.ch\/wp-content\/uploads\/2025\/09\/Am841-Marti.jpeg?resize=1200%2C800&ssl=1",1200,800,true],"portfolio_item-masonry":["https:\/\/i0.wp.com\/lokpool.ch\/wp-content\/uploads\/2025\/09\/Am841-Marti.jpeg?fit=600%2C338&ssl=1",600,338,true],"portfolio_item-masonry@2x":["https:\/\/i0.wp.com\/lokpool.ch\/wp-content\/uploads\/2025\/09\/Am841-Marti.jpeg?fit=1200%2C676&ssl=1",1200,676,true],"portfolio_item-thumbnail_cinema":["https:\/\/i0.wp.com\/lokpool.ch\/wp-content\/uploads\/2025\/09\/Am841-Marti.jpeg?resize=800%2C335&ssl=1",800,335,true],"portfolio_item-thumbnail_portrait":["https:\/\/i0.wp.com\/lokpool.ch\/wp-content\/uploads\/2025\/09\/Am841-Marti.jpeg?resize=600%2C900&ssl=1",600,900,true],"portfolio_item-thumbnail_portrait@2x":["https:\/\/i0.wp.com\/lokpool.ch\/wp-content\/uploads\/2025\/09\/Am841-Marti.jpeg?resize=1200%2C1153&ssl=1",1200,1153,true],"portfolio_item-thumbnail_square":["https:\/\/i0.wp.com\/lokpool.ch\/wp-content\/uploads\/2025\/09\/Am841-Marti.jpeg?resize=800%2C800&ssl=1",800,800,true]},"_links":{"self":[{"href":"https:\/\/lokpool.ch\/fr\/wp-json\/wp\/v2\/pages\/927","targetHints":{"allow":["GET"]}}],"collection":[{"href":"https:\/\/lokpool.ch\/fr\/wp-json\/wp\/v2\/pages"}],"about":[{"href":"https:\/\/lokpool.ch\/fr\/wp-json\/wp\/v2\/types\/page"}],"author":[{"embeddable":true,"href":"https:\/\/lokpool.ch\/fr\/wp-json\/wp\/v2\/users\/267327763"}],"replies":[{"embeddable":true,"href":"https:\/\/lokpool.ch\/fr\/wp-json\/wp\/v2\/comments?post=927"}],"version-history":[{"count":2,"href":"https:\/\/lokpool.ch\/fr\/wp-json\/wp\/v2\/pages\/927\/revisions"}],"predecessor-version":[{"id":2467,"href":"https:\/\/lokpool.ch\/fr\/wp-json\/wp\/v2\/pages\/927\/revisions\/2467"}],"wp:featuredmedia":[{"embeddable":true,"href":"https:\/\/lokpool.ch\/fr\/wp-json\/wp\/v2\/media\/928"}],"wp:attachment":[{"href":"https:\/\/lokpool.ch\/fr\/wp-json\/wp\/v2\/media?parent=927"}],"curies":[{"name":"wp","href":"https:\/\/api.w.org\/{rel}","templated":true}]}}