{"id":3218,"date":"2026-04-15T10:44:54","date_gmt":"2026-04-15T08:44:54","guid":{"rendered":"https:\/\/lokpool.ch\/modulo-di-candidatura\/"},"modified":"2026-04-15T11:04:51","modified_gmt":"2026-04-15T09:04:51","slug":"modulo-di-candidatura","status":"publish","type":"page","link":"https:\/\/lokpool.ch\/it\/modulo-di-candidatura\/","title":{"rendered":"Modulo di candidatura"},"content":{"rendered":"\n<h2 class=\"wp-block-heading\"><strong>Modulo di candidatura<\/strong> LokPool AG<\/h2>\n<div class=\"forminator-ui forminator-custom-form forminator-custom-form-3207 forminator-design--default forminator-custom forminator_ajax\" data-forminator-render=\"0\" data-form=\"forminator-module-3207\" data-uid=\"69e3c5263b4a2\"><br\/><\/div><form\n\t\t\t\tid=\"forminator-module-3207\"\n\t\t\t\tclass=\"forminator-ui forminator-custom-form forminator-custom-form-3207 forminator-design--default forminator-custom forminator_ajax\"\n\t\t\t\tmethod=\"post\"\n\t\t\t\tdata-forminator-render=\"0\"\n\t\t\t\tdata-form-id=\"3207\"\n\t\t\t\tenctype=\"multipart\/form-data\" data-color-option=\"theme\" data-design=\"default\" data-grid=\"custom\" style=\"display: none;\"\n\t\t\t\tdata-uid=\"69e3c5263b4a2\"\n\t\t\t><div role=\"alert\" aria-live=\"polite\" class=\"forminator-response-message forminator-error\" aria-hidden=\"true\"><\/div><div class=\"forminator-row\"><div id=\"name-2\" class=\"forminator-field-name forminator-col forminator-col-6 \"><div class=\"forminator-field\"><label for=\"forminator-field-name-2_69e3c5263b4a2\" id=\"forminator-field-name-2_69e3c5263b4a2-label\" class=\"forminator-label\">Vorname <span class=\"forminator-required\">*<\/span><\/label><input type=\"text\" name=\"name-2\" value=\"\" placeholder=\"\" id=\"forminator-field-name-2_69e3c5263b4a2\" class=\"forminator-input forminator-name--field\" aria-required=\"true\" autocomplete=\"name\" \/><\/div><\/div><div id=\"name-1\" class=\"forminator-field-name forminator-col forminator-col-6 \"><div class=\"forminator-field\"><label for=\"forminator-field-name-1_69e3c5263b4a2\" id=\"forminator-field-name-1_69e3c5263b4a2-label\" class=\"forminator-label\">Nachname <span class=\"forminator-required\">*<\/span><\/label><input type=\"text\" name=\"name-1\" value=\"\" placeholder=\"\" id=\"forminator-field-name-1_69e3c5263b4a2\" class=\"forminator-input forminator-name--field\" aria-required=\"true\" autocomplete=\"name\" \/><\/div><\/div><\/div><div class=\"forminator-row\"><div id=\"email-1\" class=\"forminator-field-email forminator-col forminator-col-6 \"><div class=\"forminator-field\"><label for=\"forminator-field-email-1_69e3c5263b4a2\" id=\"forminator-field-email-1_69e3c5263b4a2-label\" class=\"forminator-label\">E-Mail-Adresse <span class=\"forminator-required\">*<\/span><\/label><input type=\"email\" name=\"email-1\" value=\"\" placeholder=\"\" id=\"forminator-field-email-1_69e3c5263b4a2\" class=\"forminator-input forminator-email--field\" data-required=\"1\" aria-required=\"true\" autocomplete=\"email\" \/><\/div><\/div><div id=\"phone-1\" class=\"forminator-field-phone forminator-col forminator-col-6 \"><div class=\"forminator-field\"><label for=\"forminator-field-phone-1_69e3c5263b4a2\" id=\"forminator-field-phone-1_69e3c5263b4a2-label\" class=\"forminator-label\">Telefon <span class=\"forminator-required\">*<\/span><\/label><input type=\"text\" name=\"phone-1\" value=\"\" placeholder=\"\" id=\"forminator-field-phone-1_69e3c5263b4a2\" class=\"forminator-input forminator-field--phone\" data-required=\"1\" aria-required=\"true\" autocomplete=\"off\" \/><\/div><\/div><\/div><div class=\"forminator-row\"><div id=\"address-1\" class=\"forminator-field-address forminator-col forminator-col-12 \"><div class=\"forminator-row\"><div id=\"address-1-street_address\" class=\"forminator-col\"><div class=\"forminator-field\"><label for=\"forminator-field-address-1-street_address_69e3c5263b4a2\" id=\"forminator-field-address-1-street_address_69e3c5263b4a2-label\" class=\"forminator-label\">Strasse und Hausnummer<\/label><input type=\"text\" name=\"address-1-street_address\" placeholder=\"\" id=\"forminator-field-address-1-street_address_69e3c5263b4a2\" class=\"forminator-input\" data-required=\"\" aria-required=\"false\" autocomplete=\"address-line1\" value=\"\" \/><\/div><\/div><\/div><div class=\"forminator-row\" data-multiple=\"true\"><div id=\"address-1-city\" class=\"forminator-col forminator-col-6\"><div class=\"forminator-field\"><label for=\"forminator-field-address-1-city_69e3c5263b4a2\" id=\"forminator-field-address-1-city_69e3c5263b4a2-label\" class=\"forminator-label\">Ort<\/label><input type=\"text\" name=\"address-1-city\" placeholder=\"\" id=\"forminator-field-address-1-city_69e3c5263b4a2\" class=\"forminator-input\" data-required=\"\" aria-required=\"false\" autocomplete=\"address-level2\" value=\"\" \/><\/div><\/div><div id=\"address-1-state\" class=\"forminator-col forminator-col-6\"><div class=\"forminator-field\"><label for=\"forminator-field-address-1-state_69e3c5263b4a2\" id=\"forminator-field-address-1-state_69e3c5263b4a2-label\" class=\"forminator-label\">Kanton<\/label><input type=\"text\" name=\"address-1-state\" placeholder=\"\" id=\"forminator-field-address-1-state_69e3c5263b4a2\" class=\"forminator-input\" data-required=\"\" aria-required=\"false\" autocomplete=\"address-level1\" value=\"\" \/><\/div><\/div><\/div><div class=\"forminator-row\" data-multiple=\"false\"><div id=\"address-1-zip\" class=\"forminator-col forminator-col-12\"><div class=\"forminator-field\"><label for=\"forminator-field-address-1-zip_69e3c5263b4a2\" id=\"forminator-field-address-1-zip_69e3c5263b4a2-label\" class=\"forminator-label\">PLZ<\/label><input type=\"text\" name=\"address-1-zip\" placeholder=\"\" id=\"forminator-field-address-1-zip_69e3c5263b4a2\" class=\"forminator-input\" autocomplete=\"postal-code\" value=\"\" \/><\/div><\/div><\/div><\/div><\/div><div class=\"forminator-row\"><div id=\"text-1\" class=\"forminator-field-text forminator-col forminator-col-12 \"><div class=\"forminator-field\"><label for=\"forminator-field-text-1_69e3c5263b4a2\" id=\"forminator-field-text-1_69e3c5263b4a2-label\" class=\"forminator-label\">Gew\u00fcnschter Bereich oder Berufsfeld <span class=\"forminator-required\">*<\/span><\/label><input type=\"text\" name=\"text-1\" value=\"\" placeholder=\"\" id=\"forminator-field-text-1_69e3c5263b4a2\" class=\"forminator-input forminator-name--field\" data-required=\"1\" \/><\/div><\/div><\/div><div class=\"forminator-row\"><div id=\"textarea-2\" class=\"forminator-field-textarea forminator-col forminator-col-12 \"><div class=\"forminator-field\"><label for=\"forminator-field-textarea-2_69e3c5263b4a2\" id=\"forminator-field-textarea-2_69e3c5263b4a2-label\" class=\"forminator-label\">Kurze Nachricht \/ Motivation <span class=\"forminator-required\">*<\/span><\/label><textarea name=\"textarea-2\" placeholder=\"\" id=\"forminator-field-textarea-2_69e3c5263b4a2\" class=\"forminator-textarea\" rows=\"6\" style=\"min-height:140px;\" ><\/textarea><\/div><\/div><\/div><div class=\"forminator-row\"><div id=\"upload-1\" class=\"forminator-field-upload forminator-col forminator-col-6 \"><div class=\"forminator-field\"><label for=\"forminator-field-upload-1_69e3c5263b4a2\" id=\"forminator-field-upload-1_69e3c5263b4a2-label\" class=\"forminator-label\">Lebenslauf Upload <span class=\"forminator-required\">*<\/span><\/label><div class=\"forminator-file-upload \" data-element=\"upload-1_69e3c5263b4a2\"><input type=\"file\" name=\"upload-1\" id=\"forminator-field-upload-1_69e3c5263b4a2\" class=\"forminator-input-file-required do-validate\" accept=\".jpg,.jpeg,.jpe,.gif,.png,.bmp,.tiff,.tif,.webp,.ico,.heic,.asf,.asx,.wmv,.wmx,.wm,.avi,.divx,.flv,.mov,.qt,.mpeg,.mpg,.mpe,.mp4,.m4v,.ogv,.webm,.mkv,.3gp,.3gpp,.3g2,.3gp2,.txt,.asc,.c,.cc,.h,.srt,.csv,.tsv,.ics,.rtx,.vtt,.mp3,.m4a,.m4b,.aac,.ra,.ram,.wav,.ogg,.oga,.flac,.mid,.midi,.wma,.wax,.mka,.rtf,.pdf,.class,.tar,.zip,.gz,.gzip,.7z,.psd,.xcf,.doc,.pot,.pps,.ppt,.wri,.xla,.xls,.xlt,.xlw,.mdb,.mpp,.docx,.docm,.dotx,.dotm,.xlsx,.xlsm,.xlsb,.xltx,.xltm,.xlam,.pptx,.pptm,.ppsx,.ppsm,.potx,.potm,.ppam,.sldx,.sldm,.onetoc,.onetoc2,.onetmp,.onepkg,.oxps,.xps,.odt,.odp,.ods,.odg,.odc,.odb,.odf,.wp,.wpd,.key,.numbers,.pages\" tabindex=\"-1\"><button id=\"forminator-field-upload-1_69e3c5263b4a2_button\" class=\"forminator-button forminator-button-upload\" data-id=\"forminator-field-upload-1_69e3c5263b4a2\">Scegli file<\/button><span data-empty-text=\"Nessun file selezionato\">Nessun file selezionato<\/span><button class=\"forminator-button-delete\" style=\"display: none;\"><i class=\"forminator-icon-close\" aria-hidden=\"true\"><\/i><span class=\"forminator-screen-reader-only\">Elimina file caricato<\/span><\/button><\/div><\/div><\/div><div id=\"upload-2\" class=\"forminator-field-upload forminator-col forminator-col-6 \"><div class=\"forminator-field\"><label for=\"forminator-field-upload-2_69e3c5263b4a2\" id=\"forminator-field-upload-2_69e3c5263b4a2-label\" class=\"forminator-label\">Weitere Unterlagen Upload<\/label><div class=\"forminator-file-upload \" data-element=\"upload-2_69e3c5263b4a2\"><input type=\"file\" name=\"upload-2\" id=\"forminator-field-upload-2_69e3c5263b4a2\" class=\"forminator-input-file\" accept=\".jpg,.jpeg,.jpe,.gif,.png,.bmp,.tiff,.tif,.webp,.ico,.heic,.asf,.asx,.wmv,.wmx,.wm,.avi,.divx,.flv,.mov,.qt,.mpeg,.mpg,.mpe,.mp4,.m4v,.ogv,.webm,.mkv,.3gp,.3gpp,.3g2,.3gp2,.txt,.asc,.c,.cc,.h,.srt,.csv,.tsv,.ics,.rtx,.vtt,.mp3,.m4a,.m4b,.aac,.ra,.ram,.wav,.ogg,.oga,.flac,.mid,.midi,.wma,.wax,.mka,.rtf,.pdf,.class,.tar,.zip,.gz,.gzip,.7z,.psd,.xcf,.doc,.pot,.pps,.ppt,.wri,.xla,.xls,.xlt,.xlw,.mdb,.mpp,.docx,.docm,.dotx,.dotm,.xlsx,.xlsm,.xlsb,.xltx,.xltm,.xlam,.pptx,.pptm,.ppsx,.ppsm,.potx,.potm,.ppam,.sldx,.sldm,.onetoc,.onetoc2,.onetmp,.onepkg,.oxps,.xps,.odt,.odp,.ods,.odg,.odc,.odb,.odf,.wp,.wpd,.key,.numbers,.pages\" tabindex=\"-1\"><button id=\"forminator-field-upload-2_69e3c5263b4a2_button\" class=\"forminator-button forminator-button-upload\" data-id=\"forminator-field-upload-2_69e3c5263b4a2\">Scegli file<\/button><span data-empty-text=\"Nessun file selezionato\">Nessun file selezionato<\/span><button class=\"forminator-button-delete\" style=\"display: none;\"><i class=\"forminator-icon-close\" aria-hidden=\"true\"><\/i><span class=\"forminator-screen-reader-only\">Elimina file caricato<\/span><\/button><\/div><\/div><\/div><\/div><div class=\"forminator-row\"><div id=\"text-3\" class=\"forminator-field-text forminator-col forminator-col-6 \"><div class=\"forminator-field\"><label for=\"forminator-field-text-3_69e3c5263b4a2\" id=\"forminator-field-text-3_69e3c5263b4a2-label\" class=\"forminator-label\">Fr\u00fchester Eintrittstermin<\/label><input type=\"text\" name=\"text-3\" value=\"\" placeholder=\"\" id=\"forminator-field-text-3_69e3c5263b4a2\" class=\"forminator-input forminator-name--field\" data-required=\"\" \/><\/div><\/div><div id=\"text-2\" class=\"forminator-field-text forminator-col forminator-col-6 \"><div class=\"forminator-field\"><label for=\"forminator-field-text-2_69e3c5263b4a2\" id=\"forminator-field-text-2_69e3c5263b4a2-label\" class=\"forminator-label\">LinkedIn oder Xing Profil<\/label><input type=\"text\" name=\"text-2\" value=\"\" placeholder=\"\" id=\"forminator-field-text-2_69e3c5263b4a2\" class=\"forminator-input forminator-name--field\" data-required=\"\" \/><\/div><\/div><\/div><div class=\"forminator-row\"><div id=\"consent-1\" class=\"forminator-field-consent forminator-col forminator-col-12 \"><div class=\"forminator-field\"><label for=\"forminator-field-consent-1_69e3c5263b4a2\" id=\"forminator-field-consent-1_69e3c5263b4a2-label\" class=\"forminator-label\">Einverst\u00e4ndnis <span class=\"forminator-required\">*<\/span><\/label><div class=\"forminator-checkbox__wrapper\"><label id=\"forminator-field-consent-1_69e3c5263b4a2__label\" class=\"forminator-checkbox forminator-consent\"><input type=\"checkbox\" name=\"consent-1\" id=\"forminator-field-consent-1_69e3c5263b4a2\" value=\"checked\" aria-labelledby=\"forminator-field-consent-1_69e3c5263b4a2-label\" aria-describedby=\"forminator-field-consent-1_69e3c5263b4a2__description\" data-required=\"true\" aria-required=\"true\" \/><span class=\"forminator-checkbox-box\" aria-hidden=\"true\"><\/span><\/label><div id=\"forminator-field-consent-1_69e3c5263b4a2__description\" class=\"forminator-checkbox__label forminator-consent__label\"><p>Bitte best\u00e4tigen Sie, dass die gemachten Angaben wahrheitsgem\u00e4\u00df und korrekt sind.<\/p><\/div><\/div><\/div><\/div><\/div><div class=\"forminator-row\"><div id=\"consent-2\" class=\"forminator-field-consent forminator-col forminator-col-12 \"><div class=\"forminator-field\"><div class=\"forminator-checkbox__wrapper\"><label id=\"forminator-field-consent-2_69e3c5263b4a2__label\" class=\"forminator-checkbox forminator-consent\"><input type=\"checkbox\" name=\"consent-2\" id=\"forminator-field-consent-2_69e3c5263b4a2\" value=\"checked\" aria-labelledby=\"forminator-field-consent-2_69e3c5263b4a2-label\" aria-describedby=\"forminator-field-consent-2_69e3c5263b4a2__description\" data-required=\"true\" aria-required=\"true\" \/><span class=\"forminator-checkbox-box\" aria-hidden=\"true\"><\/span><\/label><div id=\"forminator-field-consent-2_69e3c5263b4a2__description\" class=\"forminator-checkbox__label forminator-consent__label\"><p>Ich akzeptiere die elektronische Speicherung meiner Daten gem\u00e4ss der<a href=\"https:\/\/lokpool.ch\/datenschutz\/\">&nbsp;Datenschutzrichtlinien<\/a>.<\/p><\/div><\/div><\/div><\/div><\/div><div class=\"forminator-row\" style=\"margin: 0;\"><div id=\"captcha-1\" class=\"forminator-field-captcha  forminator-col-12 \"><div class=\"forminator-captcha-left forminator-g-recaptcha recaptcha-invisible\" data-theme=\"light\" data-badge=\"bottomright\" data-sitekey=\"6LdR7FMsAAAAAByIO8STndPtIkQEVtm3WUwN29Vi\" data-size=\"invisible\"><\/div> <\/div><\/div><input type=\"hidden\" name=\"referer_url\" value=\"\" \/><div class=\"forminator-row forminator-row-last\"><div class=\"forminator-col\"><div class=\"forminator-field\"><button class=\"forminator-button forminator-button-submit\">Bewerben<\/button><\/div><\/div><\/div><input type=\"hidden\" id=\"forminator_nonce\" name=\"forminator_nonce\" value=\"e3c60f1b2b\" \/><input type=\"hidden\" name=\"_wp_http_referer\" value=\"\/it\/wp-json\/wp\/v2\/pages\/3218\" \/><input type=\"hidden\" name=\"form_id\" value=\"3207\"><input type=\"hidden\" name=\"page_id\" value=\"3218\"><input type=\"hidden\" name=\"form_type\" value=\"default\"><input type=\"hidden\" name=\"current_url\" value=\"https:\/\/lokpool.ch\/it\/modulo-di-candidatura\/\"><input type=\"hidden\" name=\"render_id\" value=\"0\"><input type=\"hidden\" name=\"action\" value=\"forminator_submit_form_custom-forms\"><\/form>\n\n<p class=\"wp-block-paragraph\"><\/p>\n","protected":false},"excerpt":{"rendered":"<p>Modulo di candidatura LokPool AG<\/p>\n","protected":false},"author":267327763,"featured_media":3235,"parent":0,"menu_order":0,"comment_status":"closed","ping_status":"closed","template":"","meta":{"_crdt_document":"","_uag_custom_page_level_css":"","inspiro_hide_title":false,"footnotes":""},"class_list":["post-3218","page","type-page","status-publish","has-post-thumbnail","hentry"],"uagb_featured_image_src":{"full":["https:\/\/i0.wp.com\/lokpool.ch\/wp-content\/uploads\/2026\/03\/lokpool_header_schiene_hoch.jpg?fit=2048%2C768&ssl=1",2048,768,false],"thumbnail":["https:\/\/i0.wp.com\/lokpool.ch\/wp-content\/uploads\/2026\/03\/lokpool_header_schiene_hoch.jpg?resize=150%2C150&ssl=1",150,150,true],"medium":["https:\/\/i0.wp.com\/lokpool.ch\/wp-content\/uploads\/2026\/03\/lokpool_header_schiene_hoch.jpg?fit=300%2C113&ssl=1",300,113,true],"medium_large":["https:\/\/i0.wp.com\/lokpool.ch\/wp-content\/uploads\/2026\/03\/lokpool_header_schiene_hoch.jpg?fit=768%2C288&ssl=1",768,288,true],"large":["https:\/\/i0.wp.com\/lokpool.ch\/wp-content\/uploads\/2026\/03\/lokpool_header_schiene_hoch.jpg?fit=950%2C356&ssl=1",950,356,true],"1536x1536":["https:\/\/i0.wp.com\/lokpool.ch\/wp-content\/uploads\/2026\/03\/lokpool_header_schiene_hoch.jpg?fit=1536%2C576&ssl=1",1536,576,true],"2048x2048":["https:\/\/i0.wp.com\/lokpool.ch\/wp-content\/uploads\/2026\/03\/lokpool_header_schiene_hoch.jpg?fit=2048%2C768&ssl=1",2048,768,true],"newspack-article-block-landscape-large":["https:\/\/i0.wp.com\/lokpool.ch\/wp-content\/uploads\/2026\/03\/lokpool_header_schiene_hoch.jpg?resize=1200%2C768&ssl=1",1200,768,true],"newspack-article-block-portrait-large":["https:\/\/i0.wp.com\/lokpool.ch\/wp-content\/uploads\/2026\/03\/lokpool_header_schiene_hoch.jpg?resize=900%2C768&ssl=1",900,768,true],"newspack-article-block-square-large":["https:\/\/i0.wp.com\/lokpool.ch\/wp-content\/uploads\/2026\/03\/lokpool_header_schiene_hoch.jpg?resize=1200%2C768&ssl=1",1200,768,true],"newspack-article-block-landscape-medium":["https:\/\/i0.wp.com\/lokpool.ch\/wp-content\/uploads\/2026\/03\/lokpool_header_schiene_hoch.jpg?resize=800%2C600&ssl=1",800,600,true],"newspack-article-block-portrait-medium":["https:\/\/i0.wp.com\/lokpool.ch\/wp-content\/uploads\/2026\/03\/lokpool_header_schiene_hoch.jpg?resize=600%2C768&ssl=1",600,768,true],"newspack-article-block-square-medium":["https:\/\/i0.wp.com\/lokpool.ch\/wp-content\/uploads\/2026\/03\/lokpool_header_schiene_hoch.jpg?resize=800%2C768&ssl=1",800,768,true],"newspack-article-block-landscape-intermediate":["https:\/\/i0.wp.com\/lokpool.ch\/wp-content\/uploads\/2026\/03\/lokpool_header_schiene_hoch.jpg?resize=600%2C450&ssl=1",600,450,true],"newspack-article-block-portrait-intermediate":["https:\/\/i0.wp.com\/lokpool.ch\/wp-content\/uploads\/2026\/03\/lokpool_header_schiene_hoch.jpg?resize=450%2C600&ssl=1",450,600,true],"newspack-article-block-square-intermediate":["https:\/\/i0.wp.com\/lokpool.ch\/wp-content\/uploads\/2026\/03\/lokpool_header_schiene_hoch.jpg?resize=600%2C600&ssl=1",600,600,true],"newspack-article-block-landscape-small":["https:\/\/i0.wp.com\/lokpool.ch\/wp-content\/uploads\/2026\/03\/lokpool_header_schiene_hoch.jpg?resize=400%2C300&ssl=1",400,300,true],"newspack-article-block-portrait-small":["https:\/\/i0.wp.com\/lokpool.ch\/wp-content\/uploads\/2026\/03\/lokpool_header_schiene_hoch.jpg?resize=300%2C400&ssl=1",300,400,true],"newspack-article-block-square-small":["https:\/\/i0.wp.com\/lokpool.ch\/wp-content\/uploads\/2026\/03\/lokpool_header_schiene_hoch.jpg?resize=400%2C400&ssl=1",400,400,true],"newspack-article-block-landscape-tiny":["https:\/\/i0.wp.com\/lokpool.ch\/wp-content\/uploads\/2026\/03\/lokpool_header_schiene_hoch.jpg?resize=200%2C150&ssl=1",200,150,true],"newspack-article-block-portrait-tiny":["https:\/\/i0.wp.com\/lokpool.ch\/wp-content\/uploads\/2026\/03\/lokpool_header_schiene_hoch.jpg?resize=150%2C200&ssl=1",150,200,true],"newspack-article-block-square-tiny":["https:\/\/i0.wp.com\/lokpool.ch\/wp-content\/uploads\/2026\/03\/lokpool_header_schiene_hoch.jpg?resize=200%2C200&ssl=1",200,200,true],"newspack-article-block-uncropped":["https:\/\/i0.wp.com\/lokpool.ch\/wp-content\/uploads\/2026\/03\/lokpool_header_schiene_hoch.jpg?fit=1200%2C450&ssl=1",1200,450,true],"inspiro-featured-image":["https:\/\/i0.wp.com\/lokpool.ch\/wp-content\/uploads\/2026\/03\/lokpool_header_schiene_hoch.jpg?fit=2000%2C750&ssl=1",2000,750,true],"inspiro-loop":["https:\/\/i0.wp.com\/lokpool.ch\/wp-content\/uploads\/2026\/03\/lokpool_header_schiene_hoch.jpg?resize=950%2C320&ssl=1",950,320,true],"inspiro-loop@2x":["https:\/\/i0.wp.com\/lokpool.ch\/wp-content\/uploads\/2026\/03\/lokpool_header_schiene_hoch.jpg?resize=1900%2C640&ssl=1",1900,640,true],"portfolio_item-thumbnail":["https:\/\/i0.wp.com\/lokpool.ch\/wp-content\/uploads\/2026\/03\/lokpool_header_schiene_hoch.jpg?resize=600%2C400&ssl=1",600,400,true],"portfolio_item-thumbnail@2x":["https:\/\/i0.wp.com\/lokpool.ch\/wp-content\/uploads\/2026\/03\/lokpool_header_schiene_hoch.jpg?resize=1200%2C768&ssl=1",1200,768,true],"portfolio_item-masonry":["https:\/\/i0.wp.com\/lokpool.ch\/wp-content\/uploads\/2026\/03\/lokpool_header_schiene_hoch.jpg?fit=600%2C225&ssl=1",600,225,true],"portfolio_item-masonry@2x":["https:\/\/i0.wp.com\/lokpool.ch\/wp-content\/uploads\/2026\/03\/lokpool_header_schiene_hoch.jpg?fit=1200%2C450&ssl=1",1200,450,true],"portfolio_item-thumbnail_cinema":["https:\/\/i0.wp.com\/lokpool.ch\/wp-content\/uploads\/2026\/03\/lokpool_header_schiene_hoch.jpg?resize=800%2C335&ssl=1",800,335,true],"portfolio_item-thumbnail_portrait":["https:\/\/i0.wp.com\/lokpool.ch\/wp-content\/uploads\/2026\/03\/lokpool_header_schiene_hoch.jpg?resize=600%2C768&ssl=1",600,768,true],"portfolio_item-thumbnail_portrait@2x":["https:\/\/i0.wp.com\/lokpool.ch\/wp-content\/uploads\/2026\/03\/lokpool_header_schiene_hoch.jpg?resize=1200%2C768&ssl=1",1200,768,true],"portfolio_item-thumbnail_square":["https:\/\/i0.wp.com\/lokpool.ch\/wp-content\/uploads\/2026\/03\/lokpool_header_schiene_hoch.jpg?resize=800%2C768&ssl=1",800,768,true]},"uagb_author_info":{"display_name":"anneandrealooser","author_link":"https:\/\/lokpool.ch\/it\/author\/anneandreal\/"},"uagb_comment_info":0,"uagb_excerpt":"Modulo di candidatura LokPool AG","jetpack_likes_enabled":true,"jetpack_sharing_enabled":true,"jetpack_shortlink":"https:\/\/wp.me\/PgBA7t-PU","jetpack-related-posts":[],"featured_media_urls":{"thumbnail":["https:\/\/i0.wp.com\/lokpool.ch\/wp-content\/uploads\/2026\/03\/lokpool_header_schiene_hoch.jpg?resize=150%2C150&ssl=1",150,150,true],"medium":["https:\/\/i0.wp.com\/lokpool.ch\/wp-content\/uploads\/2026\/03\/lokpool_header_schiene_hoch.jpg?fit=300%2C113&ssl=1",300,113,true],"medium_large":["https:\/\/i0.wp.com\/lokpool.ch\/wp-content\/uploads\/2026\/03\/lokpool_header_schiene_hoch.jpg?fit=768%2C288&ssl=1",768,288,true],"large":["https:\/\/i0.wp.com\/lokpool.ch\/wp-content\/uploads\/2026\/03\/lokpool_header_schiene_hoch.jpg?fit=950%2C356&ssl=1",950,356,true],"1536x1536":["https:\/\/i0.wp.com\/lokpool.ch\/wp-content\/uploads\/2026\/03\/lokpool_header_schiene_hoch.jpg?fit=1536%2C576&ssl=1",1536,576,true],"2048x2048":["https:\/\/i0.wp.com\/lokpool.ch\/wp-content\/uploads\/2026\/03\/lokpool_header_schiene_hoch.jpg?fit=2048%2C768&ssl=1",2048,768,true],"newspack-article-block-landscape-large":["https:\/\/i0.wp.com\/lokpool.ch\/wp-content\/uploads\/2026\/03\/lokpool_header_schiene_hoch.jpg?resize=1200%2C768&ssl=1",1200,768,true],"newspack-article-block-portrait-large":["https:\/\/i0.wp.com\/lokpool.ch\/wp-content\/uploads\/2026\/03\/lokpool_header_schiene_hoch.jpg?resize=900%2C768&ssl=1",900,768,true],"newspack-article-block-square-large":["https:\/\/i0.wp.com\/lokpool.ch\/wp-content\/uploads\/2026\/03\/lokpool_header_schiene_hoch.jpg?resize=1200%2C768&ssl=1",1200,768,true],"newspack-article-block-landscape-medium":["https:\/\/i0.wp.com\/lokpool.ch\/wp-content\/uploads\/2026\/03\/lokpool_header_schiene_hoch.jpg?resize=800%2C600&ssl=1",800,600,true],"newspack-article-block-portrait-medium":["https:\/\/i0.wp.com\/lokpool.ch\/wp-content\/uploads\/2026\/03\/lokpool_header_schiene_hoch.jpg?resize=600%2C768&ssl=1",600,768,true],"newspack-article-block-square-medium":["https:\/\/i0.wp.com\/lokpool.ch\/wp-content\/uploads\/2026\/03\/lokpool_header_schiene_hoch.jpg?resize=800%2C768&ssl=1",800,768,true],"newspack-article-block-landscape-intermediate":["https:\/\/i0.wp.com\/lokpool.ch\/wp-content\/uploads\/2026\/03\/lokpool_header_schiene_hoch.jpg?resize=600%2C450&ssl=1",600,450,true],"newspack-article-block-portrait-intermediate":["https:\/\/i0.wp.com\/lokpool.ch\/wp-content\/uploads\/2026\/03\/lokpool_header_schiene_hoch.jpg?resize=450%2C600&ssl=1",450,600,true],"newspack-article-block-square-intermediate":["https:\/\/i0.wp.com\/lokpool.ch\/wp-content\/uploads\/2026\/03\/lokpool_header_schiene_hoch.jpg?resize=600%2C600&ssl=1",600,600,true],"newspack-article-block-landscape-small":["https:\/\/i0.wp.com\/lokpool.ch\/wp-content\/uploads\/2026\/03\/lokpool_header_schiene_hoch.jpg?resize=400%2C300&ssl=1",400,300,true],"newspack-article-block-portrait-small":["https:\/\/i0.wp.com\/lokpool.ch\/wp-content\/uploads\/2026\/03\/lokpool_header_schiene_hoch.jpg?resize=300%2C400&ssl=1",300,400,true],"newspack-article-block-square-small":["https:\/\/i0.wp.com\/lokpool.ch\/wp-content\/uploads\/2026\/03\/lokpool_header_schiene_hoch.jpg?resize=400%2C400&ssl=1",400,400,true],"newspack-article-block-landscape-tiny":["https:\/\/i0.wp.com\/lokpool.ch\/wp-content\/uploads\/2026\/03\/lokpool_header_schiene_hoch.jpg?resize=200%2C150&ssl=1",200,150,true],"newspack-article-block-portrait-tiny":["https:\/\/i0.wp.com\/lokpool.ch\/wp-content\/uploads\/2026\/03\/lokpool_header_schiene_hoch.jpg?resize=150%2C200&ssl=1",150,200,true],"newspack-article-block-square-tiny":["https:\/\/i0.wp.com\/lokpool.ch\/wp-content\/uploads\/2026\/03\/lokpool_header_schiene_hoch.jpg?resize=200%2C200&ssl=1",200,200,true],"newspack-article-block-uncropped":["https:\/\/i0.wp.com\/lokpool.ch\/wp-content\/uploads\/2026\/03\/lokpool_header_schiene_hoch.jpg?fit=1200%2C450&ssl=1",1200,450,true],"inspiro-featured-image":["https:\/\/i0.wp.com\/lokpool.ch\/wp-content\/uploads\/2026\/03\/lokpool_header_schiene_hoch.jpg?fit=2000%2C750&ssl=1",2000,750,true],"inspiro-loop":["https:\/\/i0.wp.com\/lokpool.ch\/wp-content\/uploads\/2026\/03\/lokpool_header_schiene_hoch.jpg?resize=950%2C320&ssl=1",950,320,true],"inspiro-loop@2x":["https:\/\/i0.wp.com\/lokpool.ch\/wp-content\/uploads\/2026\/03\/lokpool_header_schiene_hoch.jpg?resize=1900%2C640&ssl=1",1900,640,true],"portfolio_item-thumbnail":["https:\/\/i0.wp.com\/lokpool.ch\/wp-content\/uploads\/2026\/03\/lokpool_header_schiene_hoch.jpg?resize=600%2C400&ssl=1",600,400,true],"portfolio_item-thumbnail@2x":["https:\/\/i0.wp.com\/lokpool.ch\/wp-content\/uploads\/2026\/03\/lokpool_header_schiene_hoch.jpg?resize=1200%2C768&ssl=1",1200,768,true],"portfolio_item-masonry":["https:\/\/i0.wp.com\/lokpool.ch\/wp-content\/uploads\/2026\/03\/lokpool_header_schiene_hoch.jpg?fit=600%2C225&ssl=1",600,225,true],"portfolio_item-masonry@2x":["https:\/\/i0.wp.com\/lokpool.ch\/wp-content\/uploads\/2026\/03\/lokpool_header_schiene_hoch.jpg?fit=1200%2C450&ssl=1",1200,450,true],"portfolio_item-thumbnail_cinema":["https:\/\/i0.wp.com\/lokpool.ch\/wp-content\/uploads\/2026\/03\/lokpool_header_schiene_hoch.jpg?resize=800%2C335&ssl=1",800,335,true],"portfolio_item-thumbnail_portrait":["https:\/\/i0.wp.com\/lokpool.ch\/wp-content\/uploads\/2026\/03\/lokpool_header_schiene_hoch.jpg?resize=600%2C768&ssl=1",600,768,true],"portfolio_item-thumbnail_portrait@2x":["https:\/\/i0.wp.com\/lokpool.ch\/wp-content\/uploads\/2026\/03\/lokpool_header_schiene_hoch.jpg?resize=1200%2C768&ssl=1",1200,768,true],"portfolio_item-thumbnail_square":["https:\/\/i0.wp.com\/lokpool.ch\/wp-content\/uploads\/2026\/03\/lokpool_header_schiene_hoch.jpg?resize=800%2C768&ssl=1",800,768,true]},"_links":{"self":[{"href":"https:\/\/lokpool.ch\/it\/wp-json\/wp\/v2\/pages\/3218","targetHints":{"allow":["GET"]}}],"collection":[{"href":"https:\/\/lokpool.ch\/it\/wp-json\/wp\/v2\/pages"}],"about":[{"href":"https:\/\/lokpool.ch\/it\/wp-json\/wp\/v2\/types\/page"}],"author":[{"embeddable":true,"href":"https:\/\/lokpool.ch\/it\/wp-json\/wp\/v2\/users\/267327763"}],"replies":[{"embeddable":true,"href":"https:\/\/lokpool.ch\/it\/wp-json\/wp\/v2\/comments?post=3218"}],"version-history":[{"count":4,"href":"https:\/\/lokpool.ch\/it\/wp-json\/wp\/v2\/pages\/3218\/revisions"}],"predecessor-version":[{"id":3282,"href":"https:\/\/lokpool.ch\/it\/wp-json\/wp\/v2\/pages\/3218\/revisions\/3282"}],"wp:featuredmedia":[{"embeddable":true,"href":"https:\/\/lokpool.ch\/it\/wp-json\/wp\/v2\/media\/3235"}],"wp:attachment":[{"href":"https:\/\/lokpool.ch\/it\/wp-json\/wp\/v2\/media?parent=3218"}],"curies":[{"name":"wp","href":"https:\/\/api.w.org\/{rel}","templated":true}]}}